{"id":27,"date":"2024-02-29T16:34:28","date_gmt":"2024-02-29T19:34:28","guid":{"rendered":"https:\/\/designanda.com.br\/?page_id=27"},"modified":"2024-03-11T20:48:56","modified_gmt":"2024-03-11T23:48:56","slug":"pagina-inicial","status":"publish","type":"page","link":"https:\/\/designanda.com.br\/","title":{"rendered":"Est\u00fadio de Cria\u00e7\u00e3o"},"content":{"rendered":"\n<p><strong>IDENTIFICA\u00c7\u00c3O VISUAL<\/strong> <\/p>\n\n\n\n<p><strong>Marcas com conceito que transmitem a sua ess\u00eancia<\/strong><\/p>\n\n\n\n<p>Diferentemente de um projeto que cria apenas um logotipo, a<br><em><strong>Identidade Visual  e Brand<\/strong> <\/em>\u00e9 idealizada de modo amplo, onde todos<br>os elementos e materiais s\u00e3o pensados e planejados de forma<br>integrada, formando assim um \u00fanico universo visual.<\/p>\n\n\n\n<p>Se voc\u00ea deseja se consolidar, se destacar ou ao menos ser<br>lembrado no mercado competitivo, voc\u00ea precisa ter uma<br>Identidade Visual muito bem planejada, desenvolvida e<br>estabelecida &#8211; e isso voc\u00ea encontra aqui!<\/p>\n","protected":false},"excerpt":{"rendered":"<p>IDENTIFICA\u00c7\u00c3O VISUAL Marcas com conceito que transmitem a sua ess\u00eancia Diferentemente de um projeto que cria apenas um logotipo, aIdentidade Visual e Brand \u00e9 idealizada de modo amplo, onde todosos elementos e materiais s\u00e3o pensados e planejados de formaintegrada, formando assim um \u00fanico universo visual. Se voc\u00ea deseja se consolidar, se destacar ou ao menos &hellip; <\/p>\n<p class=\"link-more\"><a href=\"https:\/\/designanda.com.br\/\" class=\"more-link\">Continue lendo<span class=\"screen-reader-text\"> &#8220;Est\u00fadio de Cria\u00e7\u00e3o&#8221;<\/span><\/a><\/p>\n","protected":false},"author":1,"featured_media":0,"parent":0,"menu_order":0,"comment_status":"closed","ping_status":"closed","template":"","meta":{"footnotes":""},"class_list":["post-27","page","type-page","status-publish","hentry"],"_links":{"self":[{"href":"https:\/\/designanda.com.br\/index.php\/wp-json\/wp\/v2\/pages\/27","targetHints":{"allow":["GET"]}}],"collection":[{"href":"https:\/\/designanda.com.br\/index.php\/wp-json\/wp\/v2\/pages"}],"about":[{"href":"https:\/\/designanda.com.br\/index.php\/wp-json\/wp\/v2\/types\/page"}],"author":[{"embeddable":true,"href":"https:\/\/designanda.com.br\/index.php\/wp-json\/wp\/v2\/users\/1"}],"replies":[{"embeddable":true,"href":"https:\/\/designanda.com.br\/index.php\/wp-json\/wp\/v2\/comments?post=27"}],"version-history":[{"count":31,"href":"https:\/\/designanda.com.br\/index.php\/wp-json\/wp\/v2\/pages\/27\/revisions"}],"predecessor-version":[{"id":252,"href":"https:\/\/designanda.com.br\/index.php\/wp-json\/wp\/v2\/pages\/27\/revisions\/252"}],"wp:attachment":[{"href":"https:\/\/designanda.com.br\/index.php\/wp-json\/wp\/v2\/media?parent=27"}],"curies":[{"name":"wp","href":"https:\/\/api.w.org\/{rel}","templated":true}]}}