{"id":28,"date":"2024-02-29T16:34:28","date_gmt":"2024-02-29T19:34:28","guid":{"rendered":"https:\/\/designanda.com.br\/?page_id=28"},"modified":"2024-03-02T16:07:50","modified_gmt":"2024-03-02T19:07:50","slug":"sobre","status":"publish","type":"page","link":"https:\/\/designanda.com.br\/index.php\/sobre\/","title":{"rendered":"Sobre"},"content":{"rendered":"\n<p><strong>MODUS OPERANDI<\/strong><\/p>\n\n\n\n<p><strong>Similar, por\u00e9m, distinto<\/strong><\/p>\n\n\n\n<p>Apesar da metodologia aplicada para criar as marcas apresentar as<br>mesmas etapas, cada projeto \u00e9 \u00fanico &#8211; assim como a sua execu\u00e7\u00e3o<br>e entrega. O fato \u00e9, depois de conversarmos e entendermos todos os<br><strong>&#8220;o que? como? e porque?&#8221;<\/strong> de sua marca, passaremos a compreender<br>quem \u00e9 seu publico, a identificar quem s\u00e3o os concorrentes e<br>assim, estabelecer uma maneira de ganhar destaque<br>em meio ao mercado competitivo.<\/p>\n\n\n\n<p><\/p>\n","protected":false},"excerpt":{"rendered":"<p>MODUS OPERANDI Similar, por\u00e9m, distinto Apesar da metodologia aplicada para criar as marcas apresentar asmesmas etapas, cada projeto \u00e9 \u00fanico &#8211; assim como a sua execu\u00e7\u00e3oe entrega. O fato \u00e9, depois de conversarmos e entendermos todos os&#8220;o que? como? e porque?&#8221; de sua marca, passaremos a compreenderquem \u00e9 seu publico, a identificar quem s\u00e3o os &hellip; <\/p>\n<p class=\"link-more\"><a href=\"https:\/\/designanda.com.br\/index.php\/sobre\/\" class=\"more-link\">Continue lendo<span class=\"screen-reader-text\"> &#8220;Sobre&#8221;<\/span><\/a><\/p>\n","protected":false},"author":1,"featured_media":189,"parent":0,"menu_order":0,"comment_status":"closed","ping_status":"closed","template":"","meta":{"footnotes":""},"class_list":["post-28","page","type-page","status-publish","has-post-thumbnail","hentry"],"_links":{"self":[{"href":"https:\/\/designanda.com.br\/index.php\/wp-json\/wp\/v2\/pages\/28","targetHints":{"allow":["GET"]}}],"collection":[{"href":"https:\/\/designanda.com.br\/index.php\/wp-json\/wp\/v2\/pages"}],"about":[{"href":"https:\/\/designanda.com.br\/index.php\/wp-json\/wp\/v2\/types\/page"}],"author":[{"embeddable":true,"href":"https:\/\/designanda.com.br\/index.php\/wp-json\/wp\/v2\/users\/1"}],"replies":[{"embeddable":true,"href":"https:\/\/designanda.com.br\/index.php\/wp-json\/wp\/v2\/comments?post=28"}],"version-history":[{"count":20,"href":"https:\/\/designanda.com.br\/index.php\/wp-json\/wp\/v2\/pages\/28\/revisions"}],"predecessor-version":[{"id":167,"href":"https:\/\/designanda.com.br\/index.php\/wp-json\/wp\/v2\/pages\/28\/revisions\/167"}],"wp:featuredmedia":[{"embeddable":true,"href":"https:\/\/designanda.com.br\/index.php\/wp-json\/wp\/v2\/media\/189"}],"wp:attachment":[{"href":"https:\/\/designanda.com.br\/index.php\/wp-json\/wp\/v2\/media?parent=28"}],"curies":[{"name":"wp","href":"https:\/\/api.w.org\/{rel}","templated":true}]}}