{"id":29,"date":"2024-02-29T16:34:28","date_gmt":"2024-02-29T19:34:28","guid":{"rendered":"https:\/\/designanda.com.br\/?page_id=29"},"modified":"2024-03-13T16:29:19","modified_gmt":"2024-03-13T19:29:19","slug":"contato","status":"publish","type":"page","link":"https:\/\/designanda.com.br\/index.php\/contato\/","title":{"rendered":"Buscando Solu\u00e7\u00f5es"},"content":{"rendered":"\n<p>Quando um <strong><em>Projeto de Concep\u00e7\u00e3o de Identidade Visual &amp; Brand<\/em><\/strong> \u00e9 solicitado, uma s\u00e9rie de etapas se iniciam. A primeira \u00e9 o envio do<em> Briefing<\/em> ao cliente, para coletarmos informa\u00e7\u00f5es indispens\u00e1veis para a cria\u00e7\u00e3o e desenvolvimento da marca &#8211; acesse o formul\u00e1rio <strong><a href=\"https:\/\/docs.google.com\/forms\/d\/1TLeJBC64PL8F3bCoD6ZvywgVtYMdv2yMj-R8EO-UoZ0\/viewform?edit_requested=true\" target=\"_blank\" rel=\"noreferrer noopener\">aqui.<\/a><\/strong> <\/p>\n\n\n\n<p>A partir das respostas coletados com o question\u00e1rio, iremos dar inicio ao desenvolvimento de todo o padr\u00e3o gr\u00e1fico dos elementos, de modo que os mesmos estejam completamente integrados em todas as suas manifesta\u00e7\u00f5es gr\u00e1ficas, as quais incluem logotipo, tipografia e cores &#8211; garantindo com isso uniformidade e harmonia.<\/p>\n\n\n\n<p>Se desejar conferir a nossa <strong>Proposta Comercial<\/strong> e entender melhor a import\u00e2ncia em se ter uma marca planejada,&nbsp;<strong><a href=\"https:\/\/drive.google.com\/file\/d\/1QwXcuCIYxQG2UR_omrUYLSwY8KvFcWzV\/view?usp=sharing\" target=\"_blank\" rel=\"noreferrer noopener\">clique aqui.<\/a><\/strong><\/p>\n\n\n\n<p>O planejamento e desenvolvimento da&nbsp;<strong>Identidade Visual &amp; Brand<\/strong>&nbsp;\u00e9 feita com muita responsabilidade e estudo. Cada projeto \u00e9 \u00fanico e necessita de uma identifica\u00e7\u00e3o visual pr\u00f3pria no universo gr\u00e1fico.<\/p>\n\n\n\n<p><em>\u201d -Aqui, excel\u00eancia n\u00e3o \u00e9 diferencial, \u00e9 dever.\u201d \u2013 CEO do Est\u00fadio DESIGNANDA<\/em><\/p>\n","protected":false},"excerpt":{"rendered":"<p>Quando um Projeto de Concep\u00e7\u00e3o de Identidade Visual &amp; Brand \u00e9 solicitado, uma s\u00e9rie de etapas se iniciam. A primeira \u00e9 o envio do Briefing ao cliente, para coletarmos informa\u00e7\u00f5es indispens\u00e1veis para a cria\u00e7\u00e3o e desenvolvimento da marca &#8211; acesse o formul\u00e1rio aqui. A partir das respostas coletados com o question\u00e1rio, iremos dar inicio ao &hellip; <\/p>\n<p class=\"link-more\"><a href=\"https:\/\/designanda.com.br\/index.php\/contato\/\" class=\"more-link\">Continue lendo<span class=\"screen-reader-text\"> &#8220;Buscando Solu\u00e7\u00f5es&#8221;<\/span><\/a><\/p>\n","protected":false},"author":1,"featured_media":186,"parent":0,"menu_order":0,"comment_status":"closed","ping_status":"closed","template":"","meta":{"footnotes":""},"class_list":["post-29","page","type-page","status-publish","has-post-thumbnail","hentry"],"_links":{"self":[{"href":"https:\/\/designanda.com.br\/index.php\/wp-json\/wp\/v2\/pages\/29","targetHints":{"allow":["GET"]}}],"collection":[{"href":"https:\/\/designanda.com.br\/index.php\/wp-json\/wp\/v2\/pages"}],"about":[{"href":"https:\/\/designanda.com.br\/index.php\/wp-json\/wp\/v2\/types\/page"}],"author":[{"embeddable":true,"href":"https:\/\/designanda.com.br\/index.php\/wp-json\/wp\/v2\/users\/1"}],"replies":[{"embeddable":true,"href":"https:\/\/designanda.com.br\/index.php\/wp-json\/wp\/v2\/comments?post=29"}],"version-history":[{"count":34,"href":"https:\/\/designanda.com.br\/index.php\/wp-json\/wp\/v2\/pages\/29\/revisions"}],"predecessor-version":[{"id":256,"href":"https:\/\/designanda.com.br\/index.php\/wp-json\/wp\/v2\/pages\/29\/revisions\/256"}],"wp:featuredmedia":[{"embeddable":true,"href":"https:\/\/designanda.com.br\/index.php\/wp-json\/wp\/v2\/media\/186"}],"wp:attachment":[{"href":"https:\/\/designanda.com.br\/index.php\/wp-json\/wp\/v2\/media?parent=29"}],"curies":[{"name":"wp","href":"https:\/\/api.w.org\/{rel}","templated":true}]}}